{"id":343,"date":"2023-04-21T13:46:59","date_gmt":"2023-04-21T11:46:59","guid":{"rendered":"https:\/\/malderle.de\/?page_id=343"},"modified":"2025-01-23T15:48:33","modified_gmt":"2025-01-23T14:48:33","slug":"impressum","status":"publish","type":"page","link":"https:\/\/malderle.de\/index.php\/impressum\/","title":{"rendered":"Impressum"},"content":{"rendered":"<div data-colibri-id=\"343-c1\" class=\"style-649 style-local-343-c1 position-relative\">\n  <!---->\n  <div data-colibri-component=\"section\" data-colibri-id=\"343-c2\" id=\"custom\" class=\"h-section h-section-global-spacing d-flex align-items-lg-center align-items-md-center align-items-center style-650 style-local-343-c2 position-relative\">\n    <!---->\n    <!---->\n    <div class=\"h-section-grid-container h-section-boxed-container\">\n      <!---->\n      <div data-colibri-id=\"343-c3\" class=\"h-row-container gutters-row-lg-2 gutters-row-md-2 gutters-row-0 gutters-row-v-lg-2 gutters-row-v-md-2 gutters-row-v-2 style-651 style-local-343-c3 position-relative\">\n        <!---->\n        <div class=\"h-row justify-content-lg-center justify-content-md-center justify-content-center align-items-lg-stretch align-items-md-stretch align-items-stretch gutters-col-lg-2 gutters-col-md-2 gutters-col-0 gutters-col-v-lg-2 gutters-col-v-md-2 gutters-col-v-2\">\n          <!---->\n          <div class=\"h-column h-column-container d-flex h-col-lg-auto h-col-md-auto h-col-auto style-652-outer style-local-343-c4-outer\">\n            <div data-colibri-id=\"343-c4\" class=\"d-flex h-flex-basis h-column__inner h-px-lg-2 h-px-md-2 h-px-2 v-inner-lg-2 v-inner-md-2 v-inner-2 style-652 style-local-343-c4 position-relative\">\n              <!---->\n              <!---->\n              <div class=\"w-100 h-y-container h-column__content h-column__v-align flex-basis-100 align-self-lg-start align-self-md-start align-self-start\">\n                <!---->\n                <div data-colibri-id=\"343-c5\" class=\"h-text h-text-component style-653 style-local-343-c5 position-relative h-element\">\n                  <!---->\n                  <!---->\n                  <div class=\"\">\n                    <p><span style=\"font-weight: 700;\">Angaben gem\u00e4\u00df \u00a7 18 Abs. 2 Medienstaatsvertrag<\/span><\/p>\n                    <p>Frank Malderle Isoliertechnik\n                      <br>Frank Malderle\n                      <br>Lindenstra\u00dfe 1\n                      <br>37586 Dassel\n                      <br>Deutschland\n                      <br>\n                    <\/p>\n                    <p><strong>Vertreten durch:<\/strong> Frank Malderle\n                      <br>\n                    <\/p>\n                    <p><strong>Kontakt:<\/strong>\n                      <br>Telefon: 055641570\n                      <br>Fax: 055641474\n                      <br>E-Mail: frankmalderle@web.de\n                      <br>\n                    <\/p>\n                    <p><strong>Umsatzsteuernummer:<\/strong> DE 335636805<\/p>\n                    <p><strong>Haftungsausschluss<\/strong>\n                      <br>\n                    <\/p>\n                    <p><strong>Haftung f\u00fcr Links:<\/strong>\n                      <br>Unser Angebot enth\u00e4lt Links zu externen Webseiten Dritter, auf deren Inhalte wir keinen Einfluss haben. Deshalb k\u00f6nnen wir f\u00fcr diese fremden Inhalte auch keine Gew\u00e4hr \u00fcbernehmen. F\u00fcr die Inhalte der verlinkten Seiten ist stets der\n                      jeweilige Anbieter oder Betreiber der Seiten verantwortlich. Die verlinkten Seiten wurden zum Zeitpunkt der Verlinkung auf m\u00f6gliche Rechtsverst\u00f6\u00dfe \u00fcberpr\u00fcft. Rechtswidrige Inhalte waren zum Zeitpunkt der Verlinkung nicht erkennbar.\n                      Eine permanente inhaltliche Kontrolle der verlinkten Seiten ist jedoch ohne konkrete Anhaltspunkte einer Rechtsverletzung nicht zumutbar. Bei Bekanntwerden von Rechtsverletzungen werden wir derartige Links umgehend entfernen.<\/p>\n                    <p><strong>Haftung f\u00fcr Inhalte:<\/strong>\n                      <br>Die Inhalte unserer Seiten wurden mit gr\u00f6\u00dfter Sorgfalt erstellt. F\u00fcr die Richtigkeit, Vollst\u00e4ndigkeit und Aktualit\u00e4t der Inhalte k\u00f6nnen wir jedoch keine Gew\u00e4hr \u00fcbernehmen. Als Diensteanbieter sind wir gem\u00e4\u00df \u00a7 7 Abs.1 TMG f\u00fcr eigene\n                      Inhalte auf diesen Seiten nach den allgemeinen Gesetzen verantwortlich. Nach \u00a7 8 bis 10 TMG sind wir als Diensteanbieter jedoch nicht verpflichtet, \u00fcbermittelte oder gespeicherte fremde Informationen zu \u00fcberwachen oder nach Umst\u00e4nden\n                      zu forschen, die auf eine rechtswidrige T\u00e4tigkeit hinweisen. Verpflichtungen zur Entfernung oder Sperrung der Nutzung von Informationen nach den allgemeinen Gesetzen bleiben hiervon unber\u00fchrt. Eine diesbez\u00fcgliche Haftung ist jedoch\n                      erst ab dem Zeitpunkt der Kenntnis einer konkreten Rechtsverletzung m\u00f6glich. Bei Bekanntwerden von entsprechenden Rechtsverletzungen werden wir diese Inhalte umgehend entfernen.<\/p>\n                    <p><strong>Urheberrecht<\/strong>\n                      <br>Die durch die Seitenbetreiber erstellten Inhalte und Werke auf diesen Seiten unterliegen dem deutschen Urheberrecht. Die Vervielf\u00e4ltigung, Bearbeitung, Verbreitung und jede Art der Verwertung au\u00dferhalb der Grenzen des Urheberrechtes\n                      bed\u00fcrfen der schriftlichen Zustimmung des jeweiligen Autors bzw. Erstellers. Downloads und Kopien dieser Seite sind nur f\u00fcr den privaten, nicht kommerziellen Gebrauch gestattet. Soweit die Inhalte auf dieser Seite nicht vom Betreiber\n                      erstellt wurden, werden die Urheberrechte Dritter beachtet. Insbesondere werden Inhalte Dritter als solche gekennzeichnet. Sollten Sie trotzdem auf eine Urheberrechtsverletzung aufmerksam werden, bitten wir um einen entsprechenden\n                      Hinweis. Bei Bekanntwerden von Rechtsverletzungen werden wir derartige Inhalte umgehend entfernen.<\/p>\n                  <\/div>\n                <\/div>\n                <div data-colibri-id=\"343-c6\" class=\"h-x-container style-654 style-local-343-c6 position-relative h-element\">\n                  <!---->\n                  <div class=\"h-x-container-inner style-dynamic-343-c6-group style-654-spacing style-local-343-c6-spacing\"><span class=\"h-link__outer style-655-outer style-local-343-c7-outer d-inline-flex h-element\"><a h-use-smooth-scroll=\"true\" href=\"https:\/\/malderle.de\/wp-content\/uploads\/2025\/01\/Freistellungsbescheinigung_2025.pdf\"  data-colibri-id=\"343-c7\" class=\"d-flex w-100 align-items-center h-link style-655 style-local-343-c7 position-relative\"><!----><span  class=\"h-svg-icon h-link__icon style-655-icon style-local-343-c7-icon\"><!--Icon by Font Awesome (https:\/\/fontawesome.com)-->\n    <svg version=\"1.1\" xmlns=\"http:\/\/www.w3.org\/2000\/svg\" xmlns:xlink=\"http:\/\/www.w3.org\/1999\/xlink\" id=\"download\" viewBox=\"0 0 1664 1896.0833\">\n      <path d=\"M1280 1344q0-26-19-45t-45-19-45 19-19 45 19 45 45 19 45-19 19-45zm256 0q0-26-19-45t-45-19-45 19-19 45 19 45 45 19 45-19 19-45zm128-224v320q0 40-28 68t-68 28H96q-40 0-68-28t-28-68v-320q0-40 28-68t68-28h465l135 136q58 56 136 56t136-56l136-136h464q40 0 68 28t28 68zm-325-569q17 41-14 70l-448 448q-18 19-45 19t-45-19L339 621q-31-29-14-70 17-39 59-39h256V64q0-26 19-45t45-19h256q26 0 45 19t19 45v448h256q42 0 59 39z\"><\/path>\n    <\/svg><\/span> <span>Freistellungsbescheinigung zum Steuerabzug \u00a7 48b Abs. 1<\/span><\/a>\n                    <\/span>\n                  <\/div>\n                <\/div>\n              <\/div>\n            <\/div>\n          <\/div>\n        <\/div>\n      <\/div>\n    <\/div>\n  <\/div>\n<\/div>","protected":false},"excerpt":{"rendered":"<p>Angaben gem\u00e4\u00df \u00a7 18 Abs. 2 Medienstaatsvertrag Frank Malderle Isoliertechnik Frank Malderle Lindenstra\u00dfe 1 37586 Dassel Deutschland Vertreten durch: Frank Malderle Kontakt: Telefon: 055641570 Fax: 055641474 E-Mail: frankmalderle@web.de Umsatzsteuernummer: DE 335636805 Haftungsausschluss Haftung f\u00fcr Links: Unser Angebot enth\u00e4lt Links zu externen Webseiten Dritter, auf deren Inhalte wir keinen Einfluss haben. Deshalb k\u00f6nnen wir f\u00fcr diese [&hellip;]<\/p>\n","protected":false},"author":1,"featured_media":0,"parent":0,"menu_order":0,"comment_status":"closed","ping_status":"closed","template":"page-templates\/full-width-page.php","meta":{"footnotes":""},"class_list":["post-343","page","type-page","status-publish","hentry"],"yoast_head":"<!-- This site is optimized with the Yoast SEO plugin v24.3 - https:\/\/yoast.com\/wordpress\/plugins\/seo\/ -->\n<title>Impressum - Frank Malderle Isoliertechnik<\/title>\n<meta name=\"robots\" content=\"index, follow, max-snippet:-1, max-image-preview:large, max-video-preview:-1\" \/>\n<link rel=\"canonical\" href=\"https:\/\/malderle.de\/index.php\/impressum\/\" \/>\n<meta property=\"og:locale\" content=\"de_DE\" \/>\n<meta property=\"og:type\" content=\"article\" \/>\n<meta property=\"og:title\" content=\"Impressum - Frank Malderle Isoliertechnik\" \/>\n<meta property=\"og:description\" content=\"Angaben gem\u00e4\u00df \u00a7 18 Abs. 2 Medienstaatsvertrag Frank Malderle Isoliertechnik Frank Malderle Lindenstra\u00dfe 1 37586 Dassel Deutschland Vertreten durch: Frank Malderle Kontakt: Telefon: 055641570 Fax: 055641474 E-Mail: frankmalderle@web.de Umsatzsteuernummer: DE 335636805 Haftungsausschluss Haftung f\u00fcr Links: Unser Angebot enth\u00e4lt Links zu externen Webseiten Dritter, auf deren Inhalte wir keinen Einfluss haben. Deshalb k\u00f6nnen wir f\u00fcr diese [&hellip;]\" \/>\n<meta property=\"og:url\" content=\"https:\/\/malderle.de\/index.php\/impressum\/\" \/>\n<meta property=\"og:site_name\" content=\"Frank Malderle Isoliertechnik\" \/>\n<meta property=\"article:modified_time\" content=\"2025-01-23T14:48:33+00:00\" \/>\n<meta name=\"twitter:card\" content=\"summary_large_image\" \/>\n<meta name=\"twitter:label1\" content=\"Gesch\u00e4tzte Lesezeit\" \/>\n\t<meta name=\"twitter:data1\" content=\"2\u00a0Minuten\" \/>\n<script type=\"application\/ld+json\" class=\"yoast-schema-graph\">{\"@context\":\"https:\/\/schema.org\",\"@graph\":[{\"@type\":\"WebPage\",\"@id\":\"https:\/\/malderle.de\/index.php\/impressum\/\",\"url\":\"https:\/\/malderle.de\/index.php\/impressum\/\",\"name\":\"Impressum - Frank Malderle Isoliertechnik\",\"isPartOf\":{\"@id\":\"https:\/\/malderle.de\/#website\"},\"datePublished\":\"2023-04-21T11:46:59+00:00\",\"dateModified\":\"2025-01-23T14:48:33+00:00\",\"breadcrumb\":{\"@id\":\"https:\/\/malderle.de\/index.php\/impressum\/#breadcrumb\"},\"inLanguage\":\"de\",\"potentialAction\":[{\"@type\":\"ReadAction\",\"target\":[\"https:\/\/malderle.de\/index.php\/impressum\/\"]}]},{\"@type\":\"BreadcrumbList\",\"@id\":\"https:\/\/malderle.de\/index.php\/impressum\/#breadcrumb\",\"itemListElement\":[{\"@type\":\"ListItem\",\"position\":1,\"name\":\"Startseite\",\"item\":\"https:\/\/malderle.de\/\"},{\"@type\":\"ListItem\",\"position\":2,\"name\":\"Impressum\"}]},{\"@type\":\"WebSite\",\"@id\":\"https:\/\/malderle.de\/#website\",\"url\":\"https:\/\/malderle.de\/\",\"name\":\"Frank Malderle Isoliertechnik\",\"description\":\"\",\"publisher\":{\"@id\":\"https:\/\/malderle.de\/#organization\"},\"potentialAction\":[{\"@type\":\"SearchAction\",\"target\":{\"@type\":\"EntryPoint\",\"urlTemplate\":\"https:\/\/malderle.de\/?s={search_term_string}\"},\"query-input\":{\"@type\":\"PropertyValueSpecification\",\"valueRequired\":true,\"valueName\":\"search_term_string\"}}],\"inLanguage\":\"de\"},{\"@type\":\"Organization\",\"@id\":\"https:\/\/malderle.de\/#organization\",\"name\":\"Frank Malderle Isoliertechnik\",\"url\":\"https:\/\/malderle.de\/\",\"logo\":{\"@type\":\"ImageObject\",\"inLanguage\":\"de\",\"@id\":\"https:\/\/malderle.de\/#\/schema\/logo\/image\/\",\"url\":\"https:\/\/malderle.de\/wp-content\/uploads\/2023\/04\/FM-logo-03-2022-web.png\",\"contentUrl\":\"https:\/\/malderle.de\/wp-content\/uploads\/2023\/04\/FM-logo-03-2022-web.png\",\"width\":1800,\"height\":1937,\"caption\":\"Frank Malderle Isoliertechnik\"},\"image\":{\"@id\":\"https:\/\/malderle.de\/#\/schema\/logo\/image\/\"}}]}<\/script>\n<!-- \/ Yoast SEO plugin. -->","yoast_head_json":{"title":"Impressum - Frank Malderle Isoliertechnik","robots":{"index":"index","follow":"follow","max-snippet":"max-snippet:-1","max-image-preview":"max-image-preview:large","max-video-preview":"max-video-preview:-1"},"canonical":"https:\/\/malderle.de\/index.php\/impressum\/","og_locale":"de_DE","og_type":"article","og_title":"Impressum - Frank Malderle Isoliertechnik","og_description":"Angaben gem\u00e4\u00df \u00a7 18 Abs. 2 Medienstaatsvertrag Frank Malderle Isoliertechnik Frank Malderle Lindenstra\u00dfe 1 37586 Dassel Deutschland Vertreten durch: Frank Malderle Kontakt: Telefon: 055641570 Fax: 055641474 E-Mail: frankmalderle@web.de Umsatzsteuernummer: DE 335636805 Haftungsausschluss Haftung f\u00fcr Links: Unser Angebot enth\u00e4lt Links zu externen Webseiten Dritter, auf deren Inhalte wir keinen Einfluss haben. Deshalb k\u00f6nnen wir f\u00fcr diese [&hellip;]","og_url":"https:\/\/malderle.de\/index.php\/impressum\/","og_site_name":"Frank Malderle Isoliertechnik","article_modified_time":"2025-01-23T14:48:33+00:00","twitter_card":"summary_large_image","twitter_misc":{"Gesch\u00e4tzte Lesezeit":"2\u00a0Minuten"},"schema":{"@context":"https:\/\/schema.org","@graph":[{"@type":"WebPage","@id":"https:\/\/malderle.de\/index.php\/impressum\/","url":"https:\/\/malderle.de\/index.php\/impressum\/","name":"Impressum - Frank Malderle Isoliertechnik","isPartOf":{"@id":"https:\/\/malderle.de\/#website"},"datePublished":"2023-04-21T11:46:59+00:00","dateModified":"2025-01-23T14:48:33+00:00","breadcrumb":{"@id":"https:\/\/malderle.de\/index.php\/impressum\/#breadcrumb"},"inLanguage":"de","potentialAction":[{"@type":"ReadAction","target":["https:\/\/malderle.de\/index.php\/impressum\/"]}]},{"@type":"BreadcrumbList","@id":"https:\/\/malderle.de\/index.php\/impressum\/#breadcrumb","itemListElement":[{"@type":"ListItem","position":1,"name":"Startseite","item":"https:\/\/malderle.de\/"},{"@type":"ListItem","position":2,"name":"Impressum"}]},{"@type":"WebSite","@id":"https:\/\/malderle.de\/#website","url":"https:\/\/malderle.de\/","name":"Frank Malderle Isoliertechnik","description":"","publisher":{"@id":"https:\/\/malderle.de\/#organization"},"potentialAction":[{"@type":"SearchAction","target":{"@type":"EntryPoint","urlTemplate":"https:\/\/malderle.de\/?s={search_term_string}"},"query-input":{"@type":"PropertyValueSpecification","valueRequired":true,"valueName":"search_term_string"}}],"inLanguage":"de"},{"@type":"Organization","@id":"https:\/\/malderle.de\/#organization","name":"Frank Malderle Isoliertechnik","url":"https:\/\/malderle.de\/","logo":{"@type":"ImageObject","inLanguage":"de","@id":"https:\/\/malderle.de\/#\/schema\/logo\/image\/","url":"https:\/\/malderle.de\/wp-content\/uploads\/2023\/04\/FM-logo-03-2022-web.png","contentUrl":"https:\/\/malderle.de\/wp-content\/uploads\/2023\/04\/FM-logo-03-2022-web.png","width":1800,"height":1937,"caption":"Frank Malderle Isoliertechnik"},"image":{"@id":"https:\/\/malderle.de\/#\/schema\/logo\/image\/"}}]}},"_links":{"self":[{"href":"https:\/\/malderle.de\/index.php\/wp-json\/wp\/v2\/pages\/343","targetHints":{"allow":["GET"]}}],"collection":[{"href":"https:\/\/malderle.de\/index.php\/wp-json\/wp\/v2\/pages"}],"about":[{"href":"https:\/\/malderle.de\/index.php\/wp-json\/wp\/v2\/types\/page"}],"author":[{"embeddable":true,"href":"https:\/\/malderle.de\/index.php\/wp-json\/wp\/v2\/users\/1"}],"replies":[{"embeddable":true,"href":"https:\/\/malderle.de\/index.php\/wp-json\/wp\/v2\/comments?post=343"}],"version-history":[{"count":7,"href":"https:\/\/malderle.de\/index.php\/wp-json\/wp\/v2\/pages\/343\/revisions"}],"predecessor-version":[{"id":664,"href":"https:\/\/malderle.de\/index.php\/wp-json\/wp\/v2\/pages\/343\/revisions\/664"}],"wp:attachment":[{"href":"https:\/\/malderle.de\/index.php\/wp-json\/wp\/v2\/media?parent=343"}],"curies":[{"name":"wp","href":"https:\/\/api.w.org\/{rel}","templated":true}]}}