{"id":115,"date":"2023-04-03T10:27:16","date_gmt":"2023-04-03T08:27:16","guid":{"rendered":"https:\/\/malderle.de\/?page_id=115"},"modified":"2023-05-16T11:56:54","modified_gmt":"2023-05-16T09:56:54","slug":"flachdachabdichtungen","status":"publish","type":"page","link":"https:\/\/malderle.de\/index.php\/flachdachabdichtungen\/","title":{"rendered":"Flachdachabdichtungen"},"content":{"rendered":"<div data-colibri-id=\"115-c1\" class=\"style-578 style-local-115-c1 position-relative\">\n  <!---->\n  <div data-colibri-component=\"section\" data-colibri-id=\"115-c2\" id=\"content\" class=\"h-section h-section-global-spacing d-flex align-items-lg-center align-items-md-center align-items-center style-579 style-local-115-c2 position-relative\">\n    <!---->\n    <!---->\n    <div class=\"h-section-grid-container h-section-fluid-container\">\n      <!---->\n      <div data-colibri-id=\"115-c3\" class=\"h-row-container gutters-row-lg-0 gutters-row-md-0 gutters-row-2 gutters-row-v-lg-0 gutters-row-v-md-0 gutters-row-v-2 style-580 style-local-115-c3 position-relative\">\n        <!---->\n        <div class=\"h-row justify-content-lg-center justify-content-md-center justify-content-center align-items-lg-stretch align-items-md-stretch align-items-stretch gutters-col-lg-0 gutters-col-md-0 gutters-col-2 gutters-col-v-lg-0 gutters-col-v-md-0 gutters-col-v-2\">\n          <!---->\n          <div class=\"h-column h-column-container d-flex h-col-lg-auto h-col-md-auto h-col-auto style-581-outer style-local-115-c4-outer\">\n            <div data-colibri-id=\"115-c4\" class=\"d-flex h-flex-basis h-column__inner h-px-lg-0 h-px-md-0 h-px-0 v-inner-lg-0 v-inner-md-0 v-inner-0 style-581 style-local-115-c4 position-relative\">\n              <!---->\n              <!---->\n              <div class=\"w-100 h-y-container h-column__content h-column__v-align flex-basis-100 align-self-lg-start align-self-md-start align-self-start\">\n                <!---->\n                <div data-colibri-id=\"115-c5\" class=\"h-global-transition-all h-heading style-583 style-local-115-c5 position-relative h-element\">\n                  <!---->\n                  <div class=\"h-heading__outer style-583 style-local-115-c5\">\n                    <!---->\n                    <!---->\n                    <h2 class=\"\">Flachdachabdichtungen<\/h2>\n                  <\/div>\n                <\/div>\n                <div data-colibri-id=\"115-c6\" class=\"h-text h-text-component style-625 style-local-115-c6 position-relative h-element\">\n                  <!---->\n                  <!---->\n                  <div class=\"\">\n                    <p><strong>Starker Einsatz damit Ihr Flachdach h\u00e4lt, was es verspricht.<\/strong><\/p>\n                    <p> Wo Flachd\u00e4cher vielleicht Nachteile bergen, sind wir sofort zur Stelle.\n                      <br> Flachd\u00e4cher sind wartungsintensiv und weisen schnell Feuchtigkeitssch\u00e4den auf.\n                      <br> Wenn Reparaturen anfallen, finden wir kreative L\u00f6sungen.<\/p>\n                    <p>Zu den Pr\u00e4ventivma\u00dfnahmen erhalten Sie von uns eine professionelle Expertise und wir garantieren Ihnen eine einwandfreie Abdichtung.<\/p>\n                  <\/div>\n                <\/div>\n                <div data-colibri-id=\"115-c7\" class=\"h-text h-text-component style-584 style-local-115-c7 position-relative h-element\">\n                  <!---->\n                  <!---->\n                  <div class=\"\">\n                    <p>Wenn es bereits tropft, ist schnelles und zielgerichtetes Handeln notwendig:<\/p>\n                    <p>Die Ortung der Lecktagen werden punktgenau und zerst\u00f6rungsfrei ausgef\u00fchrt. Das spart deutlich an Ressourcen und Kosten.<\/p>\n                    <p>Eine \u00f6konomische und punktuelle Sanierung kann im Anschluss vollzogen werden.\n                      <br>Im D\u00e4mmbereich ist eine Trocknung m\u00f6glich. Sanierungsm\u00f6glichkeiten werden visuell\n                      <br>durch Fotos unterst\u00fctzt.<\/p>\n                    <p>Eine regelm\u00e4\u00dfige Dachwartung erh\u00f6ht die Lebens\u00addauer Ihres Daches und sorgt f\u00fcr den Werterhalt Ihrer Immobilie.<\/p>\n                  <\/div>\n                <\/div>\n              <\/div>\n            <\/div>\n          <\/div>\n          <div class=\"h-column h-column-container d-flex h-col-lg-auto h-col-md-auto h-col-auto style-589-outer style-local-115-c8-outer\">\n            <div data-colibri-id=\"115-c8\" class=\"d-flex h-flex-basis h-column__inner h-ui-empty-state-container h-px-lg-0 h-px-md-0 h-px-0 v-inner-lg-0 v-inner-md-0 v-inner-0 style-589 style-local-115-c8 position-relative\">\n              <!---->\n              <!---->\n              <div class=\"w-100 h-y-container h-column__content h-column__v-align flex-basis-100\">\n                <!---->\n              <\/div>\n            <\/div>\n          <\/div>\n        <\/div>\n      <\/div>\n    <\/div>\n  <\/div>\n  <div data-colibri-component=\"section\" data-colibri-id=\"115-c9\" id=\"content\" class=\"h-section h-section-global-spacing d-flex align-items-lg-center align-items-md-center align-items-center style-579 style-local-115-c9 position-relative\">\n    <!---->\n    <!---->\n    <div class=\"h-section-grid-container h-section-fluid-container\">\n      <!---->\n      <div data-colibri-id=\"115-c10\" class=\"h-row-container gutters-row-lg-0 gutters-row-md-0 gutters-row-2 gutters-row-v-lg-0 gutters-row-v-md-0 gutters-row-v-2 style-580 style-local-115-c10 position-relative\">\n        <!---->\n        <div class=\"h-row justify-content-lg-center justify-content-md-center justify-content-center align-items-lg-stretch align-items-md-stretch align-items-stretch gutters-col-lg-0 gutters-col-md-0 gutters-col-2 gutters-col-v-lg-0 gutters-col-v-md-0 gutters-col-v-2\">\n          <!---->\n          <div class=\"h-column h-column-container d-flex h-col-lg-auto h-col-md-auto h-col-auto style-589-outer style-local-115-c11-outer\">\n            <div data-colibri-id=\"115-c11\" class=\"d-flex h-flex-basis h-column__inner h-px-lg-0 h-px-md-0 h-px-0 v-inner-lg-0 v-inner-md-0 v-inner-0 style-589 style-local-115-c11 position-relative\">\n              <!---->\n              <!---->\n              <div class=\"w-100 h-y-container h-column__content h-column__v-align flex-basis-100 align-self-lg-start align-self-md-start align-self-start\">\n                <!---->\n                <div data-colibri-id=\"115-c12\" class=\"d-block style-591 style-local-115-c12 position-relative h-element\">\n                  <!---->\n                  <div class=\"h-image__frame-container-outer\">\n                    <div class=\"h-image__frame-container\">\n                      <!---->\n                      <!---->\n                      <img loading=\"lazy\" decoding=\"async\" width=\"2560\" height=\"1920\" src=\"https:\/\/malderle.de\/wp-content\/uploads\/2023\/04\/14.10.05-011-scaled.jpg\" class=\"wp-image-155 style-591-image style-local-115-c12-image\" alt=\"\" srcset=\"https:\/\/malderle.de\/wp-content\/uploads\/2023\/04\/14.10.05-011-scaled.jpg 2560w, https:\/\/malderle.de\/wp-content\/uploads\/2023\/04\/14.10.05-011-300x225.jpg 300w, https:\/\/malderle.de\/wp-content\/uploads\/2023\/04\/14.10.05-011-1024x768.jpg 1024w, https:\/\/malderle.de\/wp-content\/uploads\/2023\/04\/14.10.05-011-768x576.jpg 768w, https:\/\/malderle.de\/wp-content\/uploads\/2023\/04\/14.10.05-011-1536x1152.jpg 1536w, https:\/\/malderle.de\/wp-content\/uploads\/2023\/04\/14.10.05-011-2048x1536.jpg 2048w\" sizes=\"auto, (max-width: 2560px) 100vw, 2560px\" \/>\n                      <div class=\"h-image__frame h-hide-lg h-hide-md h-hide-sm style-591-frameImage style-local-115-c12-frameImage\"><\/div>\n                    <\/div>\n                  <\/div>\n                <\/div>\n              <\/div>\n            <\/div>\n          <\/div>\n          <div class=\"h-column h-column-container d-flex h-col-lg-auto h-col-md-auto h-col-auto style-581-outer style-local-115-c13-outer\">\n            <div data-colibri-id=\"115-c13\" class=\"d-flex h-flex-basis h-column__inner h-px-lg-0 h-px-md-0 h-px-0 v-inner-lg-0 v-inner-md-0 v-inner-0 style-581 style-local-115-c13 position-relative\">\n              <!---->\n              <!---->\n              <div class=\"w-100 h-y-container h-column__content h-column__v-align flex-basis-100 align-self-lg-start align-self-md-start align-self-start\">\n                <!---->\n                <div data-colibri-id=\"115-c14\" class=\"h-global-transition-all h-heading style-590 style-local-115-c14 position-relative h-element\">\n                  <!---->\n                  <div class=\"h-heading__outer style-590 style-local-115-c14\">\n                    <!---->\n                    <!---->\n                    <h5 class=\"\">Balkonabdichtungen<\/h5>\n                  <\/div>\n                <\/div>\n                <div data-colibri-id=\"115-c15\" class=\"h-text h-text-component style-584 style-local-115-c15 position-relative h-element\">\n                  <!---->\n                  <!---->\n                  <div class=\"\">\n                    <p>Durch die k\u00e4lteren Jahreszeiten wird Ihr Balkon starken Belastungen ausgesetzt. Sch\u00e4den an der Oberfl\u00e4che und darunterliegenden Abdichtungen sind m\u00f6glich. Feuchtigkeit in den Fugen, Flecken oder&nbsp;Risse im Beton sind die Folge.<\/p>\n                    <p>Dringt Wasser oder Feuchtigkeit unbemerkt unter der Oberfl\u00e4che in das Objekt ein, kann es zu Feuchtesch\u00e4den oder Schimmelbildung f\u00fchren. Durch Folgesch\u00e4den im Innenbereich, besteht f\u00fcr Bausubstanz\/Balkon Gefahr einer langfristigen\n                      Sch\u00e4digung.<\/p>\n                    <p>Mit&nbsp;Einsatz von Spezialfolie, welche fl\u00e4chig verlegt, an den R\u00e4ndern hochgezogen und versiegelt wird, gew\u00e4hrleisten wir eine effiziente Verkleidung ihres Balkons.<\/p>\n                  <\/div>\n                <\/div>\n              <\/div>\n            <\/div>\n          <\/div>\n        <\/div>\n      <\/div>\n    <\/div>\n  <\/div>\n<\/div>","protected":false},"excerpt":{"rendered":"<p>Flachdachabdichtungen Starker Einsatz damit Ihr Flachdach h\u00e4lt, was es verspricht. Wo Flachd\u00e4cher vielleicht Nachteile bergen, sind wir sofort zur Stelle. Flachd\u00e4cher sind wartungsintensiv und weisen schnell Feuchtigkeitssch\u00e4den auf. Wenn Reparaturen anfallen, finden wir kreative L\u00f6sungen. Zu den Pr\u00e4ventivma\u00dfnahmen erhalten Sie von uns eine professionelle Expertise und wir garantieren Ihnen eine einwandfreie Abdichtung. Wenn es bereits [&hellip;]<\/p>\n","protected":false},"author":1,"featured_media":0,"parent":0,"menu_order":0,"comment_status":"closed","ping_status":"closed","template":"page-templates\/full-width-page.php","meta":{"footnotes":""},"class_list":["post-115","page","type-page","status-publish","hentry"],"yoast_head":"<!-- This site is optimized with the Yoast SEO plugin v27.4 - https:\/\/yoast.com\/product\/yoast-seo-wordpress\/ -->\n<title>Flachdachabdichtungen - Frank Malderle Isoliertechnik<\/title>\n<meta name=\"robots\" content=\"index, follow, max-snippet:-1, max-image-preview:large, max-video-preview:-1\" \/>\n<link rel=\"canonical\" href=\"https:\/\/malderle.de\/index.php\/flachdachabdichtungen\/\" \/>\n<meta property=\"og:locale\" content=\"de_DE\" \/>\n<meta property=\"og:type\" content=\"article\" \/>\n<meta property=\"og:title\" content=\"Flachdachabdichtungen - Frank Malderle Isoliertechnik\" \/>\n<meta property=\"og:description\" content=\"Flachdachabdichtungen Starker Einsatz damit Ihr Flachdach h\u00e4lt, was es verspricht. Wo Flachd\u00e4cher vielleicht Nachteile bergen, sind wir sofort zur Stelle. Flachd\u00e4cher sind wartungsintensiv und weisen schnell Feuchtigkeitssch\u00e4den auf. Wenn Reparaturen anfallen, finden wir kreative L\u00f6sungen. Zu den Pr\u00e4ventivma\u00dfnahmen erhalten Sie von uns eine professionelle Expertise und wir garantieren Ihnen eine einwandfreie Abdichtung. Wenn es bereits [&hellip;]\" \/>\n<meta property=\"og:url\" content=\"https:\/\/malderle.de\/index.php\/flachdachabdichtungen\/\" \/>\n<meta property=\"og:site_name\" content=\"Frank Malderle Isoliertechnik\" \/>\n<meta property=\"article:modified_time\" content=\"2023-05-16T09:56:54+00:00\" \/>\n<meta property=\"og:image\" content=\"https:\/\/malderle.de\/wp-content\/uploads\/2023\/04\/14.10.05-011-scaled.jpg\" \/>\n<meta name=\"twitter:card\" content=\"summary_large_image\" \/>\n<meta name=\"twitter:label1\" content=\"Gesch\u00e4tzte Lesezeit\" \/>\n\t<meta name=\"twitter:data1\" content=\"1\u00a0Minute\" \/>\n<script type=\"application\/ld+json\" class=\"yoast-schema-graph\">{\"@context\":\"https:\\\/\\\/schema.org\",\"@graph\":[{\"@type\":\"WebPage\",\"@id\":\"https:\\\/\\\/malderle.de\\\/index.php\\\/flachdachabdichtungen\\\/\",\"url\":\"https:\\\/\\\/malderle.de\\\/index.php\\\/flachdachabdichtungen\\\/\",\"name\":\"Flachdachabdichtungen - Frank Malderle Isoliertechnik\",\"isPartOf\":{\"@id\":\"https:\\\/\\\/malderle.de\\\/#website\"},\"primaryImageOfPage\":{\"@id\":\"https:\\\/\\\/malderle.de\\\/index.php\\\/flachdachabdichtungen\\\/#primaryimage\"},\"image\":{\"@id\":\"https:\\\/\\\/malderle.de\\\/index.php\\\/flachdachabdichtungen\\\/#primaryimage\"},\"thumbnailUrl\":\"https:\\\/\\\/malderle.de\\\/wp-content\\\/uploads\\\/2023\\\/04\\\/14.10.05-011-scaled.jpg\",\"datePublished\":\"2023-04-03T08:27:16+00:00\",\"dateModified\":\"2023-05-16T09:56:54+00:00\",\"breadcrumb\":{\"@id\":\"https:\\\/\\\/malderle.de\\\/index.php\\\/flachdachabdichtungen\\\/#breadcrumb\"},\"inLanguage\":\"de\",\"potentialAction\":[{\"@type\":\"ReadAction\",\"target\":[\"https:\\\/\\\/malderle.de\\\/index.php\\\/flachdachabdichtungen\\\/\"]}]},{\"@type\":\"ImageObject\",\"inLanguage\":\"de\",\"@id\":\"https:\\\/\\\/malderle.de\\\/index.php\\\/flachdachabdichtungen\\\/#primaryimage\",\"url\":\"https:\\\/\\\/malderle.de\\\/wp-content\\\/uploads\\\/2023\\\/04\\\/14.10.05-011-scaled.jpg\",\"contentUrl\":\"https:\\\/\\\/malderle.de\\\/wp-content\\\/uploads\\\/2023\\\/04\\\/14.10.05-011-scaled.jpg\",\"width\":2560,\"height\":1920},{\"@type\":\"BreadcrumbList\",\"@id\":\"https:\\\/\\\/malderle.de\\\/index.php\\\/flachdachabdichtungen\\\/#breadcrumb\",\"itemListElement\":[{\"@type\":\"ListItem\",\"position\":1,\"name\":\"Startseite\",\"item\":\"https:\\\/\\\/malderle.de\\\/\"},{\"@type\":\"ListItem\",\"position\":2,\"name\":\"Flachdachabdichtungen\"}]},{\"@type\":\"WebSite\",\"@id\":\"https:\\\/\\\/malderle.de\\\/#website\",\"url\":\"https:\\\/\\\/malderle.de\\\/\",\"name\":\"Frank Malderle Isoliertechnik\",\"description\":\"\",\"publisher\":{\"@id\":\"https:\\\/\\\/malderle.de\\\/#organization\"},\"potentialAction\":[{\"@type\":\"SearchAction\",\"target\":{\"@type\":\"EntryPoint\",\"urlTemplate\":\"https:\\\/\\\/malderle.de\\\/?s={search_term_string}\"},\"query-input\":{\"@type\":\"PropertyValueSpecification\",\"valueRequired\":true,\"valueName\":\"search_term_string\"}}],\"inLanguage\":\"de\"},{\"@type\":\"Organization\",\"@id\":\"https:\\\/\\\/malderle.de\\\/#organization\",\"name\":\"Frank Malderle Isoliertechnik\",\"url\":\"https:\\\/\\\/malderle.de\\\/\",\"logo\":{\"@type\":\"ImageObject\",\"inLanguage\":\"de\",\"@id\":\"https:\\\/\\\/malderle.de\\\/#\\\/schema\\\/logo\\\/image\\\/\",\"url\":\"https:\\\/\\\/malderle.de\\\/wp-content\\\/uploads\\\/2023\\\/04\\\/FM-logo-03-2022-web.png\",\"contentUrl\":\"https:\\\/\\\/malderle.de\\\/wp-content\\\/uploads\\\/2023\\\/04\\\/FM-logo-03-2022-web.png\",\"width\":1800,\"height\":1937,\"caption\":\"Frank Malderle Isoliertechnik\"},\"image\":{\"@id\":\"https:\\\/\\\/malderle.de\\\/#\\\/schema\\\/logo\\\/image\\\/\"}}]}<\/script>\n<!-- \/ Yoast SEO plugin. -->","yoast_head_json":{"title":"Flachdachabdichtungen - Frank Malderle Isoliertechnik","robots":{"index":"index","follow":"follow","max-snippet":"max-snippet:-1","max-image-preview":"max-image-preview:large","max-video-preview":"max-video-preview:-1"},"canonical":"https:\/\/malderle.de\/index.php\/flachdachabdichtungen\/","og_locale":"de_DE","og_type":"article","og_title":"Flachdachabdichtungen - Frank Malderle Isoliertechnik","og_description":"Flachdachabdichtungen Starker Einsatz damit Ihr Flachdach h\u00e4lt, was es verspricht. Wo Flachd\u00e4cher vielleicht Nachteile bergen, sind wir sofort zur Stelle. Flachd\u00e4cher sind wartungsintensiv und weisen schnell Feuchtigkeitssch\u00e4den auf. Wenn Reparaturen anfallen, finden wir kreative L\u00f6sungen. Zu den Pr\u00e4ventivma\u00dfnahmen erhalten Sie von uns eine professionelle Expertise und wir garantieren Ihnen eine einwandfreie Abdichtung. Wenn es bereits [&hellip;]","og_url":"https:\/\/malderle.de\/index.php\/flachdachabdichtungen\/","og_site_name":"Frank Malderle Isoliertechnik","article_modified_time":"2023-05-16T09:56:54+00:00","og_image":[{"url":"https:\/\/malderle.de\/wp-content\/uploads\/2023\/04\/14.10.05-011-scaled.jpg","type":"","width":"","height":""}],"twitter_card":"summary_large_image","twitter_misc":{"Gesch\u00e4tzte Lesezeit":"1\u00a0Minute"},"schema":{"@context":"https:\/\/schema.org","@graph":[{"@type":"WebPage","@id":"https:\/\/malderle.de\/index.php\/flachdachabdichtungen\/","url":"https:\/\/malderle.de\/index.php\/flachdachabdichtungen\/","name":"Flachdachabdichtungen - Frank Malderle Isoliertechnik","isPartOf":{"@id":"https:\/\/malderle.de\/#website"},"primaryImageOfPage":{"@id":"https:\/\/malderle.de\/index.php\/flachdachabdichtungen\/#primaryimage"},"image":{"@id":"https:\/\/malderle.de\/index.php\/flachdachabdichtungen\/#primaryimage"},"thumbnailUrl":"https:\/\/malderle.de\/wp-content\/uploads\/2023\/04\/14.10.05-011-scaled.jpg","datePublished":"2023-04-03T08:27:16+00:00","dateModified":"2023-05-16T09:56:54+00:00","breadcrumb":{"@id":"https:\/\/malderle.de\/index.php\/flachdachabdichtungen\/#breadcrumb"},"inLanguage":"de","potentialAction":[{"@type":"ReadAction","target":["https:\/\/malderle.de\/index.php\/flachdachabdichtungen\/"]}]},{"@type":"ImageObject","inLanguage":"de","@id":"https:\/\/malderle.de\/index.php\/flachdachabdichtungen\/#primaryimage","url":"https:\/\/malderle.de\/wp-content\/uploads\/2023\/04\/14.10.05-011-scaled.jpg","contentUrl":"https:\/\/malderle.de\/wp-content\/uploads\/2023\/04\/14.10.05-011-scaled.jpg","width":2560,"height":1920},{"@type":"BreadcrumbList","@id":"https:\/\/malderle.de\/index.php\/flachdachabdichtungen\/#breadcrumb","itemListElement":[{"@type":"ListItem","position":1,"name":"Startseite","item":"https:\/\/malderle.de\/"},{"@type":"ListItem","position":2,"name":"Flachdachabdichtungen"}]},{"@type":"WebSite","@id":"https:\/\/malderle.de\/#website","url":"https:\/\/malderle.de\/","name":"Frank Malderle Isoliertechnik","description":"","publisher":{"@id":"https:\/\/malderle.de\/#organization"},"potentialAction":[{"@type":"SearchAction","target":{"@type":"EntryPoint","urlTemplate":"https:\/\/malderle.de\/?s={search_term_string}"},"query-input":{"@type":"PropertyValueSpecification","valueRequired":true,"valueName":"search_term_string"}}],"inLanguage":"de"},{"@type":"Organization","@id":"https:\/\/malderle.de\/#organization","name":"Frank Malderle Isoliertechnik","url":"https:\/\/malderle.de\/","logo":{"@type":"ImageObject","inLanguage":"de","@id":"https:\/\/malderle.de\/#\/schema\/logo\/image\/","url":"https:\/\/malderle.de\/wp-content\/uploads\/2023\/04\/FM-logo-03-2022-web.png","contentUrl":"https:\/\/malderle.de\/wp-content\/uploads\/2023\/04\/FM-logo-03-2022-web.png","width":1800,"height":1937,"caption":"Frank Malderle Isoliertechnik"},"image":{"@id":"https:\/\/malderle.de\/#\/schema\/logo\/image\/"}}]}},"_links":{"self":[{"href":"https:\/\/malderle.de\/index.php\/wp-json\/wp\/v2\/pages\/115","targetHints":{"allow":["GET"]}}],"collection":[{"href":"https:\/\/malderle.de\/index.php\/wp-json\/wp\/v2\/pages"}],"about":[{"href":"https:\/\/malderle.de\/index.php\/wp-json\/wp\/v2\/types\/page"}],"author":[{"embeddable":true,"href":"https:\/\/malderle.de\/index.php\/wp-json\/wp\/v2\/users\/1"}],"replies":[{"embeddable":true,"href":"https:\/\/malderle.de\/index.php\/wp-json\/wp\/v2\/comments?post=115"}],"version-history":[{"count":11,"href":"https:\/\/malderle.de\/index.php\/wp-json\/wp\/v2\/pages\/115\/revisions"}],"predecessor-version":[{"id":541,"href":"https:\/\/malderle.de\/index.php\/wp-json\/wp\/v2\/pages\/115\/revisions\/541"}],"wp:attachment":[{"href":"https:\/\/malderle.de\/index.php\/wp-json\/wp\/v2\/media?parent=115"}],"curies":[{"name":"wp","href":"https:\/\/api.w.org\/{rel}","templated":true}]}}